{"id":1708,"date":"2020-07-24T18:14:31","date_gmt":"2020-07-24T18:14:31","guid":{"rendered":"https:\/\/www.claudiacastaldi.it\/it\/?page_id=1708"},"modified":"2022-05-23T11:31:22","modified_gmt":"2022-05-23T09:31:22","slug":"chi-sono","status":"publish","type":"page","link":"https:\/\/www.claudiacastaldi.it\/it\/chi-sono\/","title":{"rendered":"Chi Sono"},"content":{"rendered":"<p><div class=\"fusion-fullwidth fullwidth-box fusion-builder-row-1 fusion-flex-container nonhundred-percent-fullwidth non-hundred-percent-height-scrolling\" style=\"background-color: rgba(255,255,255,0);background-position: center center;background-repeat: no-repeat;border-width: 0px 0px 0px 0px;border-color:hsla(var(--awb-color8-h),var(--awb-color8-s),var(--awb-color8-l),calc( var(--awb-color8-a) - 92% ));border-style:solid;\" ><div class=\"fusion-builder-row fusion-row fusion-flex-align-items-center\" style=\"max-width:1372.8px;margin-left: calc(-4% \/ 2 );margin-right: calc(-4% \/ 2 );\"><div class=\"fusion-layout-column fusion_builder_column fusion-builder-column-0 fusion_builder_column_2_5 2_5 fusion-flex-column fusion-animated\" data-animationType=\"fadeInLeft\" data-animationDuration=\"1.6\" data-animationOffset=\"top-into-view\"><div class=\"fusion-column-wrapper fusion-flex-justify-content-flex-start fusion-content-layout-column\" style=\"background-position:left top;background-repeat:no-repeat;-webkit-background-size:cover;-moz-background-size:cover;-o-background-size:cover;background-size:cover;padding: 0px 0px 0px 0px;\"><div class=\"fusion-text fusion-text-1\" style=\"text-align:left;font-size:30px;line-height:1.4em;letter-spacing:-0.02em;\"><p>Sono Claudia Castaldi, logopedista laureata con lode presso l\u2019Universit\u00e0 degli studi di Roma Tor Vergata.\u00a0\u00a0<\/p>\n<\/div><\/div><style type=\"text\/css\">.fusion-body .fusion-builder-column-0{width:40% !important;margin-top : 0px;margin-bottom : 20px;}.fusion-builder-column-0 > .fusion-column-wrapper {padding-top : 0px !important;padding-right : 0px !important;margin-right : 24%;padding-bottom : 0px !important;padding-left : 0px !important;margin-left : 4.8%;}@media only screen and (max-width:1024px) {.fusion-body .fusion-builder-column-0{width:40% !important;}.fusion-builder-column-0 > .fusion-column-wrapper {margin-right : 19.2%;margin-left : 9.6%;}}@media only screen and (max-width:640px) {.fusion-body .fusion-builder-column-0{width:100% !important;margin-bottom : 40px;}.fusion-builder-column-0 > .fusion-column-wrapper {margin-right : 1.92%;margin-left : 1.92%;}}<\/style><\/div><div class=\"fusion-layout-column fusion_builder_column fusion-builder-column-1 fusion_builder_column_3_5 3_5 fusion-flex-column fusion-animated\" data-animationType=\"fadeInRight\" data-animationDuration=\"1.6\" data-animationOffset=\"top-into-view\"><div class=\"fusion-column-wrapper lazyload fusion-column-has-shadow fusion-flex-justify-content-flex-start fusion-content-layout-column\" style=\"background-position:center top;background-repeat:no-repeat;-webkit-background-size:cover;-moz-background-size:cover;-o-background-size:cover;background-size:cover;background-color:var(--awb-color2);box-shadow:42px 42px 0px 0px var(--awb-color2);;padding: 400px 0px 0px 0px;\" data-bg-url=\"https:\/\/www.claudiacastaldi.it\/it\/wp-content\/uploads\/2022\/03\/foto-10.jpeg\" data-bg=\"https:\/\/www.claudiacastaldi.it\/it\/wp-content\/uploads\/2022\/03\/foto-10.jpeg\"><div class=\"fusion-builder-row fusion-builder-row-inner fusion-row fusion-flex-align-items-center\" style=\"width:104% !important;max-width:104% !important;margin-left: calc(-4% \/ 2 );margin-right: calc(-4% \/ 2 );\"><div class=\"fusion-layout-column fusion_builder_column_inner fusion-builder-nested-column-0 fusion_builder_column_inner_1_2 1_2 fusion-flex-column\"><div class=\"fusion-column-wrapper fusion-column-has-shadow fusion-flex-justify-content-flex-start fusion-content-layout-column\" style=\"background-position:left top;background-repeat:no-repeat;-webkit-background-size:cover;-moz-background-size:cover;-o-background-size:cover;background-size:cover;background-color:var(--awb-color1);box-shadow:44px 44px 50px 0px hsla(var(--awb-color8-h),var(--awb-color8-s),var(--awb-color8-l),calc( var(--awb-color8-a) - 85% ));;padding: 30px 30px 10px 30px;\"><div ><style>.fusion-imageframe.imageframe-1{ margin-bottom : 12px;}<\/style><span class=\" fusion-imageframe imageframe-none imageframe-1 hover-type-none\" style=\"border-radius:8px;max-width:120px;\"><img decoding=\"async\" src=\"data:image\/gif;base64,R0lGODlhAQABAAAAACH5BAEKAAEALAAAAAABAAEAAAICTAEAOw==\" data-orig-src=\"https:\/\/www.claudiacastaldi.it\/it\/wp-content\/uploads\/2020\/06\/abstract.png\" alt class=\"lazyload img-responsive\"\/><\/span><\/div><div class=\"fusion-text fusion-text-2\" style=\"text-align:left;line-height:30px;\"><p>Lavoro come libera professionista nella provincia di Modena e Reggio Emilia.<\/p>\n<\/div><\/div><style type=\"text\/css\">.fusion-body .fusion-builder-nested-column-0{width:50% !important;margin-top : 0px;margin-bottom : 0px;}.fusion-builder-nested-column-0 > .fusion-column-wrapper {padding-top : 30px !important;padding-right : 30px !important;margin-right : 0%;padding-bottom : 10px !important;padding-left : 30px !important;margin-left : 3.84%;}@media only screen and (max-width:1024px) {.fusion-body .fusion-builder-nested-column-0{width:75% !important;order : 0;}.fusion-builder-nested-column-0 > .fusion-column-wrapper {margin-right : 0%;margin-left : 2.56%;}}@media only screen and (max-width:640px) {.fusion-body .fusion-builder-nested-column-0{width:75% !important;order : 0;}.fusion-builder-nested-column-0 > .fusion-column-wrapper {margin-right : 0%;margin-left : 2.56%;}}<\/style><\/div><div class=\"fusion-layout-column fusion_builder_column_inner fusion-builder-nested-column-1 fusion_builder_column_inner_1_2 1_2 fusion-flex-column fusion-no-small-visibility\"><div class=\"fusion-column-wrapper fusion-flex-justify-content-flex-start fusion-content-layout-column\" style=\"background-position:left top;background-repeat:no-repeat;-webkit-background-size:cover;-moz-background-size:cover;-o-background-size:cover;background-size:cover;padding: 0px 0px 0px 0px;\"><\/div><style type=\"text\/css\">.fusion-body .fusion-builder-nested-column-1{width:50% !important;margin-top : 0px;margin-bottom : 0px;}.fusion-builder-nested-column-1 > .fusion-column-wrapper {padding-top : 0px !important;padding-right : 0px !important;margin-right : 3.84%;padding-bottom : 0px !important;padding-left : 0px !important;margin-left : 3.84%;}@media only screen and (max-width:1024px) {.fusion-body .fusion-builder-nested-column-1{width:25% !important;order : 0;}.fusion-builder-nested-column-1 > .fusion-column-wrapper {margin-right : 7.68%;margin-left : 7.68%;}}@media only screen and (max-width:640px) {.fusion-body .fusion-builder-nested-column-1{width:100% !important;order : 0;}.fusion-builder-nested-column-1 > .fusion-column-wrapper {margin-right : 1.92%;margin-left : 1.92%;}}<\/style><\/div><\/div><\/div><style type=\"text\/css\">.fusion-body .fusion-builder-column-1{width:60% !important;margin-top : 20px;margin-bottom : 20px;}.fusion-builder-column-1 > .fusion-column-wrapper {padding-top : 400px !important;padding-right : 0px !important;margin-right : 19.2%;padding-bottom : 0px !important;padding-left : 0px !important;margin-left : 6.4%;}@media only screen and (max-width:1024px) {.fusion-body .fusion-builder-column-1{width:60% !important;order : 0;}.fusion-builder-column-1 > .fusion-column-wrapper {padding-top : 360px !important;margin-right : 6.4%;margin-left : 16%;}}@media only screen and (max-width:640px) {.fusion-body .fusion-builder-column-1{width:100% !important;order : 0;}.fusion-builder-column-1 > .fusion-column-wrapper {margin-right : 1.92%;margin-left : 1.92%;}}<\/style><\/div><\/div><style type=\"text\/css\">.fusion-body .fusion-flex-container.fusion-builder-row-1{ padding-top : 42px;margin-top : 0px;padding-right : 0px;padding-bottom : 60px;margin-bottom : 0px;padding-left : 0px;}@media only screen and (max-width:1024px) {.fusion-body .fusion-flex-container.fusion-builder-row-1{ padding-top : 32px;padding-bottom : 50px;}}@media only screen and (max-width:640px) {.fusion-body .fusion-flex-container.fusion-builder-row-1{ padding-top : 24px;padding-bottom : 50px;}}<\/style><\/div><div class=\"fusion-fullwidth fullwidth-box fusion-builder-row-2 fusion-flex-container nonhundred-percent-fullwidth non-hundred-percent-height-scrolling\" style=\"background-color: rgba(255,255,255,0);background-position: center center;background-repeat: no-repeat;border-width: 0px 0px 0px 0px;border-color:hsla(var(--awb-color8-h),var(--awb-color8-s),var(--awb-color8-l),calc( var(--awb-color8-a) - 92% ));border-style:solid;\" ><div class=\"fusion-builder-row fusion-row fusion-flex-align-items-center fusion-flex-justify-content-center\" style=\"max-width:1372.8px;margin-left: calc(-4% \/ 2 );margin-right: calc(-4% \/ 2 );\"><div class=\"fusion-layout-column fusion_builder_column fusion-builder-column-2 fusion_builder_column_3_4 3_4 fusion-flex-column fusion-animated\" data-animationType=\"fadeInDown\" data-animationDuration=\"1.6\" data-animationOffset=\"top-into-view\"><div class=\"fusion-column-wrapper fusion-flex-justify-content-flex-start fusion-content-layout-column\" style=\"background-position:left top;background-repeat:no-repeat;-webkit-background-size:cover;-moz-background-size:cover;-o-background-size:cover;background-size:cover;padding: 0px 0px 0px 0px;\"><style type=\"text\/css\">@media only screen and (max-width:1024px) {.fusion-title.fusion-title-1{margin-top:12px!important; margin-right:0px!important;margin-bottom:16px!important;margin-left:0px!important;}}@media only screen and (max-width:640px) {.fusion-title.fusion-title-1{margin-top:12px!important; margin-right:0px!important;margin-bottom:24px!important; margin-left:0px!important;}}<\/style><div class=\"fusion-title title fusion-title-1 fusion-sep-none fusion-title-center fusion-title-text fusion-title-size-two\" style=\"margin-top:12px;margin-right:0px;margin-bottom:16px;margin-left:0px;\"><h2 class=\"title-heading-center fusion-responsive-typography-calculated\" style=\"margin:0;--fontSize:54;line-height:1.14;\">Formazione<\/h2><\/div><div class=\"fusion-text fusion-text-3\" style=\"text-align:center;font-size:24px;line-height:1.48em;letter-spacing:-0.01em;\"><p style=\"text-align: left;\">Dopo aver conseguito il diploma linguistico, ho continuato il percorso dello studio delle lingue laureandomi in Lingue e Letterature Moderne presso l\u2019Universit\u00e0 degli studi di Roma Tor Vergata. Durante il percorso di studi ho svolto ripetizioni a bambini e ragazzi della scuola primaria e secondaria e questo mi ha permesso di appassionarmi all\u2019attivit\u00e0 di aiuto di bambini e ragazzi. Nel 2016 ho deciso quindi di rimettermi in gioco iscrivendomi al corso di laurea in Logopedia spinta dall\u2019amore per i bambini e dalla volont\u00e0 di poterli aiutare pi\u00f9 concretamente nel loro percorso di crescita.<\/p>\n<p style=\"text-align: left;\">Nel 2019 ho conseguito con lode la laurea in Logopedia presso l\u2019Universit\u00e0 degli studi di Roma Tor Vergata.<\/p>\n<p><img decoding=\"async\" class=\"lazyload alignnone size-full wp-image-3020\" src=\"https:\/\/www.claudiacastaldi.it\/it\/wp-content\/uploads\/2022\/05\/foto-2.png\" data-orig-src=\"https:\/\/www.claudiacastaldi.it\/it\/wp-content\/uploads\/2022\/05\/foto-2.png\" alt=\"\" width=\"906\" height=\"679\" srcset=\"data:image\/svg+xml,%3Csvg%20xmlns%3D%27http%3A%2F%2Fwww.w3.org%2F2000%2Fsvg%27%20width%3D%27906%27%20height%3D%27679%27%20viewBox%3D%270%200%20906%20679%27%3E%3Crect%20width%3D%27906%27%20height%3D%27679%27%20fill-opacity%3D%220%22%2F%3E%3C%2Fsvg%3E\" data-srcset=\"https:\/\/www.claudiacastaldi.it\/it\/wp-content\/uploads\/2022\/05\/foto-2-200x150.png 200w, https:\/\/www.claudiacastaldi.it\/it\/wp-content\/uploads\/2022\/05\/foto-2-300x225.png 300w, https:\/\/www.claudiacastaldi.it\/it\/wp-content\/uploads\/2022\/05\/foto-2-400x300.png 400w, https:\/\/www.claudiacastaldi.it\/it\/wp-content\/uploads\/2022\/05\/foto-2-600x450.png 600w, https:\/\/www.claudiacastaldi.it\/it\/wp-content\/uploads\/2022\/05\/foto-2-768x576.png 768w, https:\/\/www.claudiacastaldi.it\/it\/wp-content\/uploads\/2022\/05\/foto-2-800x600.png 800w, https:\/\/www.claudiacastaldi.it\/it\/wp-content\/uploads\/2022\/05\/foto-2.png 906w\" data-sizes=\"auto\" data-orig-sizes=\"(max-width: 906px) 100vw, 906px\" \/><\/p>\n<p style=\"text-align: left;\">Durante gli anni di studio, ho confermato la mia passione per la logopedia in et\u00e0 evolutiva, ma ho anche scoperto il mondo della logopedia in et\u00e0 adulta e geriatrica, il mio interesse per questo ambito si \u00e8 concretizzato nel mio lavoro di tesi \u201cAnalisi del discorso e della rielaborazione in contesto in pazienti con lesione emisferica destra\u201d in cui ho analizzato l\u2019adattamento del discorso narrativo al contesto comunicativo in pazienti adulti con lesione emisferica destra.<\/p>\n<\/div><\/div><style type=\"text\/css\">.fusion-body .fusion-builder-column-2{width:75% !important;margin-top : 20px;margin-bottom : 100px;}.fusion-builder-column-2 > .fusion-column-wrapper {padding-top : 0px !important;padding-right : 0px !important;margin-right : 5.12%;padding-bottom : 0px !important;padding-left : 0px !important;margin-left : 5.12%;}@media only screen and (max-width:1024px) {.fusion-body .fusion-builder-column-2{width:75% !important;margin-bottom : 72px;}.fusion-builder-column-2 > .fusion-column-wrapper {margin-right : 5.12%;margin-left : 5.12%;}}@media only screen and (max-width:640px) {.fusion-body .fusion-builder-column-2{width:100% !important;margin-bottom : 50px;}.fusion-builder-column-2 > .fusion-column-wrapper {margin-right : 1.92%;margin-left : 1.92%;}}<\/style><\/div><div class=\"fusion-layout-column fusion_builder_column fusion-builder-column-3 fusion-flex-column fusion-animated\" data-animationType=\"fadeInLeft\" data-animationDuration=\"1.6\" data-animationOffset=\"top-into-view\"><div class=\"fusion-column-wrapper fusion-flex-justify-content-center fusion-content-layout-column\" style=\"background-position:left top;background-repeat:no-repeat;-webkit-background-size:cover;-moz-background-size:cover;-o-background-size:cover;background-size:cover;padding: 0px 0px 0px 0px;\"><div ><span class=\" fusion-imageframe imageframe-none imageframe-2 hover-type-none\" style=\"border-radius:8px;\"><img decoding=\"async\" src=\"data:image\/gif;base64,R0lGODlhAQABAAAAACH5BAEKAAEALAAAAAABAAEAAAICTAEAOw==\" data-orig-src=\"https:\/\/www.claudiacastaldi.it\/it\/wp-content\/uploads\/2020\/07\/large-testimonial-2.jpg\" alt class=\"lazyload img-responsive\"\/><\/span><\/div><\/div><style type=\"text\/css\">.fusion-body .fusion-builder-column-3{width:40% !important;margin-top : 20px;margin-bottom : 20px;}.fusion-builder-column-3 > .fusion-column-wrapper {padding-top : 0px !important;padding-right : 0px !important;margin-right : 12%;padding-bottom : 0px !important;padding-left : 0px !important;margin-left : 4.8%;}@media only screen and (max-width:1024px) {.fusion-body .fusion-builder-column-3{width:50% !important;order : 0;}.fusion-builder-column-3 > .fusion-column-wrapper {margin-right : 30px;margin-left : 20px;}}@media only screen and (max-width:640px) {.fusion-body .fusion-builder-column-3{width:100% !important;order : 1;margin-bottom : 0px;}.fusion-builder-column-3 > .fusion-column-wrapper {margin-right : 1.92%;margin-left : 1.92%;}}<\/style><\/div><\/div><style type=\"text\/css\">.fusion-body .fusion-flex-container.fusion-builder-row-2{ padding-top : 60px;margin-top : 0px;padding-right : 0px;padding-bottom : 4%;margin-bottom : 0px;padding-left : 0px;}@media only screen and (max-width:1024px) {.fusion-body .fusion-flex-container.fusion-builder-row-2{ padding-top : 50px;}}@media only screen and (max-width:640px) {.fusion-body .fusion-flex-container.fusion-builder-row-2{ padding-top : 20px;padding-bottom : 30px;}}<\/style><\/div><\/p>\n","protected":false},"excerpt":{"rendered":"","protected":false},"author":1,"featured_media":0,"parent":0,"menu_order":0,"comment_status":"closed","ping_status":"closed","template":"100-width.php","meta":{"footnotes":""},"class_list":["post-1708","page","type-page","status-publish","hentry"],"_links":{"self":[{"href":"https:\/\/www.claudiacastaldi.it\/it\/wp-json\/wp\/v2\/pages\/1708","targetHints":{"allow":["GET"]}}],"collection":[{"href":"https:\/\/www.claudiacastaldi.it\/it\/wp-json\/wp\/v2\/pages"}],"about":[{"href":"https:\/\/www.claudiacastaldi.it\/it\/wp-json\/wp\/v2\/types\/page"}],"author":[{"embeddable":true,"href":"https:\/\/www.claudiacastaldi.it\/it\/wp-json\/wp\/v2\/users\/1"}],"replies":[{"embeddable":true,"href":"https:\/\/www.claudiacastaldi.it\/it\/wp-json\/wp\/v2\/comments?post=1708"}],"version-history":[{"count":4,"href":"https:\/\/www.claudiacastaldi.it\/it\/wp-json\/wp\/v2\/pages\/1708\/revisions"}],"predecessor-version":[{"id":3027,"href":"https:\/\/www.claudiacastaldi.it\/it\/wp-json\/wp\/v2\/pages\/1708\/revisions\/3027"}],"wp:attachment":[{"href":"https:\/\/www.claudiacastaldi.it\/it\/wp-json\/wp\/v2\/media?parent=1708"}],"curies":[{"name":"wp","href":"https:\/\/api.w.org\/{rel}","templated":true}]}}