{"id":1682,"date":"2020-07-24T16:33:42","date_gmt":"2020-07-24T16:33:42","guid":{"rendered":"https:\/\/www.claudiacastaldi.it\/it\/?page_id=1682"},"modified":"2022-05-23T12:25:06","modified_gmt":"2022-05-23T10:25:06","slug":"esperienza-professionale","status":"publish","type":"page","link":"https:\/\/www.claudiacastaldi.it\/it\/esperienza-professionale\/","title":{"rendered":"Esperienza Professionale"},"content":{"rendered":"<p><div class=\"fusion-fullwidth fullwidth-box fusion-builder-row-1 fusion-flex-container nonhundred-percent-fullwidth non-hundred-percent-height-scrolling\" style=\"background-color: rgba(255,255,255,0);background-position: center center;background-repeat: no-repeat;border-width: 0px 0px 0px 0px;border-color:hsla(var(--awb-color8-h),var(--awb-color8-s),var(--awb-color8-l),calc( var(--awb-color8-a) - 92% ));border-style:solid;\" ><div class=\"fusion-builder-row fusion-row fusion-flex-align-items-center\" style=\"max-width:1372.8px;margin-left: calc(-4% \/ 2 );margin-right: calc(-4% \/ 2 );\"><div class=\"fusion-layout-column fusion_builder_column fusion-builder-column-0 fusion_builder_column_1_2 1_2 fusion-flex-column fusion-animated\" data-animationType=\"fadeInDown\" data-animationDuration=\"1.6\" data-animationOffset=\"top-into-view\"><div class=\"fusion-column-wrapper fusion-flex-justify-content-flex-start fusion-content-layout-column\" style=\"background-position:left top;background-repeat:no-repeat;-webkit-background-size:cover;-moz-background-size:cover;-o-background-size:cover;background-size:cover;padding: 0px 0px 0px 0px;\"><div class=\"fusion-text fusion-text-1\" style=\"font-size:18px;\"><p style=\"text-align: left;\">Fin dai primi mesi dopo la laurea, ho iniziato l\u2019attivit\u00e0 libero-professionale di logopedista a Roma. Ho cercato occupazioni che potessero permettermi di lavorare sia con l\u2019et\u00e0 adulta e geriatrica che con l\u2019et\u00e0 evolutiva e ho iniziato quindi a collaborare con un centro riabilitativo convenzionato con il sistema sanitario regionale che mi ha dato la possibilit\u00e0 di seguire pazienti di ogni fascia di et\u00e0. Parallelamente, ho iniziato una collaborazione con uno studio pediatrico.<\/p>\n<p>Lavorare in entrambi gli ambiti mi ha permesso di capire ci\u00f2 che pi\u00f9 amo del mio lavoro di logopedista: potermi rapportare con persone, sempre diverse tra loro, poter conoscere la loro storia e soprattutto poterli aiutare nella loro crescita o nella ripresa di funzioni linguistiche e cognitive che sono andate perse.<\/p>\n<p>A fine 2020 mi sono trasferita nella provincia di Reggio Emilia e ho proseguito qui la mia attivit\u00e0 libero-professionale.<\/p>\n<p>\u00a0<\/p>\n<\/div><\/div><style type=\"text\/css\">.fusion-body .fusion-builder-column-0{width:50% !important;margin-top : 20px;margin-bottom : 20px;}.fusion-builder-column-0 > .fusion-column-wrapper {padding-top : 0px !important;padding-right : 0px !important;margin-right : 11.52%;padding-bottom : 0px !important;padding-left : 0px !important;margin-left : 15.36%;}@media only screen and (max-width:1024px) {.fusion-body .fusion-builder-column-0{width:50% !important;}.fusion-builder-column-0 > .fusion-column-wrapper {margin-right : 3.84%;margin-left : 3.84%;}}@media only screen and (max-width:640px) {.fusion-body .fusion-builder-column-0{width:100% !important;}.fusion-builder-column-0 > .fusion-column-wrapper {margin-right : 1.92%;margin-left : 1.92%;}}<\/style><\/div><div class=\"fusion-layout-column fusion_builder_column fusion-builder-column-1 fusion_builder_column_1_2 1_2 fusion-flex-column fusion-flex-align-self-stretch\"><div class=\"fusion-column-wrapper fusion-flex-justify-content-center fusion-content-layout-row\" style=\"background-position:left top;background-repeat:no-repeat;-webkit-background-size:cover;-moz-background-size:cover;-o-background-size:cover;background-size:cover;padding: 0px 0px 0px 0px;\"><div ><span class=\" fusion-imageframe imageframe-none imageframe-1 hover-type-none\" style=\"border-radius:8px;\"><img decoding=\"async\" src=\"data:image\/gif;base64,R0lGODlhAQABAAAAACH5BAEKAAEALAAAAAABAAEAAAICTAEAOw==\" data-orig-src=\"https:\/\/www.claudiacastaldi.it\/it\/wp-content\/uploads\/2020\/07\/we-equip-leaders.jpg\" alt class=\"lazyload img-responsive\"\/><\/span><\/div><div style=\"text-align:center;\"><span class=\" fusion-imageframe imageframe-none imageframe-2 hover-type-none\" style=\"border-radius:8px;max-width:400px;\"><img decoding=\"async\" width=\"720\" height=\"1280\" title=\"foto 6\" src=\"https:\/\/www.claudiacastaldi.it\/it\/wp-content\/uploads\/2022\/05\/foto-6.jpeg\" data-orig-src=\"https:\/\/www.claudiacastaldi.it\/it\/wp-content\/uploads\/2022\/05\/foto-6.jpeg\" alt class=\"lazyload img-responsive wp-image-3034\" srcset=\"data:image\/svg+xml,%3Csvg%20xmlns%3D%27http%3A%2F%2Fwww.w3.org%2F2000%2Fsvg%27%20width%3D%27720%27%20height%3D%271280%27%20viewBox%3D%270%200%20720%201280%27%3E%3Crect%20width%3D%27720%27%20height%3D%271280%27%20fill-opacity%3D%220%22%2F%3E%3C%2Fsvg%3E\" data-srcset=\"https:\/\/www.claudiacastaldi.it\/it\/wp-content\/uploads\/2022\/05\/foto-6-200x356.jpeg 200w, https:\/\/www.claudiacastaldi.it\/it\/wp-content\/uploads\/2022\/05\/foto-6-400x711.jpeg 400w, https:\/\/www.claudiacastaldi.it\/it\/wp-content\/uploads\/2022\/05\/foto-6-600x1067.jpeg 600w, https:\/\/www.claudiacastaldi.it\/it\/wp-content\/uploads\/2022\/05\/foto-6.jpeg 720w\" data-sizes=\"auto\" data-orig-sizes=\"(max-width: 640px) 100vw, 600px\" \/><\/span><\/div><\/div><style type=\"text\/css\">.fusion-body .fusion-builder-column-1{width:50% !important;margin-top : 20px;margin-bottom : 20px;}.fusion-builder-column-1 > .fusion-column-wrapper {padding-top : 0px !important;padding-right : 0px !important;margin-right : 3.84%;padding-bottom : 0px !important;padding-left : 0px !important;margin-left : 7.68%;}@media only screen and (max-width:1024px) {.fusion-body .fusion-builder-column-1{width:50% !important;order : 0;}.fusion-builder-column-1 > .fusion-column-wrapper {margin-right : 3.84%;margin-left : 3.84%;}}@media only screen and (max-width:640px) {.fusion-body .fusion-builder-column-1{width:100% !important;order : 0;}.fusion-builder-column-1 > .fusion-column-wrapper {margin-right : 1.92%;margin-left : 1.92%;}}<\/style><\/div><\/div><style type=\"text\/css\">.fusion-body .fusion-flex-container.fusion-builder-row-1{ padding-top : 0%;margin-top : 0px;padding-right : 0px;padding-bottom : 0%;margin-bottom : 0px;padding-left : 0px;}@media only screen and (max-width:1024px) {.fusion-body .fusion-flex-container.fusion-builder-row-1{ padding-top : 30px;padding-bottom : 30px;}}@media only screen and (max-width:640px) {.fusion-body .fusion-flex-container.fusion-builder-row-1{ padding-top : 0px;padding-bottom : 40px;}}<\/style><\/div><div class=\"fusion-fullwidth fullwidth-box fusion-builder-row-2 fusion-flex-container nonhundred-percent-fullwidth non-hundred-percent-height-scrolling\" style=\"background-color: rgba(255,255,255,0);background-position: center center;background-repeat: no-repeat;border-width: 0px 0px 0px 0px;border-color:hsla(var(--awb-color8-h),var(--awb-color8-s),var(--awb-color8-l),calc( var(--awb-color8-a) - 92% ));border-style:solid;\" ><div class=\"fusion-builder-row fusion-row fusion-flex-align-items-center\" style=\"max-width:1372.8px;margin-left: calc(-4% \/ 2 );margin-right: calc(-4% \/ 2 );\"><div class=\"fusion-layout-column fusion_builder_column fusion-builder-column-2 fusion_builder_column_1_2 1_2 fusion-flex-column fusion-flex-align-self-stretch\"><div class=\"fusion-column-wrapper fusion-flex-justify-content-center fusion-content-layout-row\" style=\"background-position:left top;background-repeat:no-repeat;-webkit-background-size:cover;-moz-background-size:cover;-o-background-size:cover;background-size:cover;padding: 0px 0px 0px 0px;\"><div ><span class=\" fusion-imageframe imageframe-none imageframe-3 hover-type-none\" style=\"border-radius:8px;\"><img decoding=\"async\" src=\"data:image\/gif;base64,R0lGODlhAQABAAAAACH5BAEKAAEALAAAAAABAAEAAAICTAEAOw==\" data-orig-src=\"https:\/\/www.claudiacastaldi.it\/it\/wp-content\/uploads\/2020\/07\/we-equip-leaders.jpg\" alt class=\"lazyload img-responsive\"\/><\/span><\/div><div style=\"text-align:center;\"><span class=\" fusion-imageframe imageframe-none imageframe-4 hover-type-none\" style=\"border-radius:8px;max-width:400px;\"><img decoding=\"async\" width=\"720\" height=\"1280\" title=\"foto 9\" src=\"https:\/\/www.claudiacastaldi.it\/it\/wp-content\/uploads\/2022\/05\/foto-9.jpeg\" data-orig-src=\"https:\/\/www.claudiacastaldi.it\/it\/wp-content\/uploads\/2022\/05\/foto-9.jpeg\" alt class=\"lazyload img-responsive wp-image-3039\" srcset=\"data:image\/svg+xml,%3Csvg%20xmlns%3D%27http%3A%2F%2Fwww.w3.org%2F2000%2Fsvg%27%20width%3D%27720%27%20height%3D%271280%27%20viewBox%3D%270%200%20720%201280%27%3E%3Crect%20width%3D%27720%27%20height%3D%271280%27%20fill-opacity%3D%220%22%2F%3E%3C%2Fsvg%3E\" data-srcset=\"https:\/\/www.claudiacastaldi.it\/it\/wp-content\/uploads\/2022\/05\/foto-9-200x356.jpeg 200w, https:\/\/www.claudiacastaldi.it\/it\/wp-content\/uploads\/2022\/05\/foto-9-400x711.jpeg 400w, https:\/\/www.claudiacastaldi.it\/it\/wp-content\/uploads\/2022\/05\/foto-9-600x1067.jpeg 600w, https:\/\/www.claudiacastaldi.it\/it\/wp-content\/uploads\/2022\/05\/foto-9.jpeg 720w\" data-sizes=\"auto\" data-orig-sizes=\"(max-width: 640px) 100vw, 600px\" \/><\/span><\/div><\/div><style type=\"text\/css\">.fusion-body .fusion-builder-column-2{width:50% !important;margin-top : 20px;margin-bottom : 20px;}.fusion-builder-column-2 > .fusion-column-wrapper {padding-top : 0px !important;padding-right : 0px !important;margin-right : 3.84%;padding-bottom : 0px !important;padding-left : 0px !important;margin-left : 7.68%;}@media only screen and (max-width:1024px) {.fusion-body .fusion-builder-column-2{width:50% !important;order : 0;}.fusion-builder-column-2 > .fusion-column-wrapper {margin-right : 3.84%;margin-left : 3.84%;}}@media only screen and (max-width:640px) {.fusion-body .fusion-builder-column-2{width:100% !important;order : 0;}.fusion-builder-column-2 > .fusion-column-wrapper {margin-right : 1.92%;margin-left : 1.92%;}}<\/style><\/div><div class=\"fusion-layout-column fusion_builder_column fusion-builder-column-3 fusion_builder_column_1_2 1_2 fusion-flex-column fusion-animated\" data-animationType=\"fadeInDown\" data-animationDuration=\"1.6\" data-animationOffset=\"top-into-view\"><div class=\"fusion-column-wrapper fusion-flex-justify-content-flex-start fusion-content-layout-column\" style=\"background-position:left top;background-repeat:no-repeat;-webkit-background-size:cover;-moz-background-size:cover;-o-background-size:cover;background-size:cover;padding: 0px 0px 0px 0px;\"><div class=\"fusion-text fusion-text-2\" style=\"font-size:18px;\"><p>Ho iniziato una collaborazione con uno studio di Reggio Emilia che mi ha dato la possibilit\u00e0 di prendere in mano un progetto di doposcuola specialistico per bambini e ragazzi con DSA volto a dar loro supporto durante i compiti pomeridiani e ad aiutarli ad acquisire un metodo di studio valido ed efficace basato sulle loro caratteristiche.<\/p>\n<p>Questa nuova avventura mi ha permesso di approfondire il tema dei disturbi specifici dell\u2019apprendimento e di relazionarmi con ragazzi di tutte le fasce d\u2019et\u00e0.<\/p>\n<p>Contestualmente, ho portato avanti l\u2019attivit\u00e0 di logopedista dell\u2019et\u00e0 evolutiva in diversi studi della provincia di Modena e Reggio Emilia.<\/p>\n<p style=\"text-align: left;\">Da settembre 2021 ho iniziato anche a lavorare in una scuola primaria come insegnante di sostegno, questa esperienza mi sta dando la possibilit\u00e0 di conoscere pi\u00f9 da vicino la realt\u00e0 scolastica e di capire al meglio come poter aiutare in modo efficace e funzionale anche all\u2019interno del contesto scolastico i miei piccoli pazienti.<\/p>\n<\/div><\/div><style type=\"text\/css\">.fusion-body .fusion-builder-column-3{width:50% !important;margin-top : 20px;margin-bottom : 20px;}.fusion-builder-column-3 > .fusion-column-wrapper {padding-top : 0px !important;padding-right : 0px !important;margin-right : 11.52%;padding-bottom : 0px !important;padding-left : 0px !important;margin-left : 15.36%;}@media only screen and (max-width:1024px) {.fusion-body .fusion-builder-column-3{width:50% !important;}.fusion-builder-column-3 > .fusion-column-wrapper {margin-right : 3.84%;margin-left : 3.84%;}}@media only screen and (max-width:640px) {.fusion-body .fusion-builder-column-3{width:100% !important;}.fusion-builder-column-3 > .fusion-column-wrapper {margin-right : 1.92%;margin-left : 1.92%;}}<\/style><\/div><\/div><style type=\"text\/css\">.fusion-body .fusion-flex-container.fusion-builder-row-2{ padding-top : 0%;margin-top : 0px;padding-right : 0px;padding-bottom : 0%;margin-bottom : 0px;padding-left : 0px;}@media only screen and (max-width:1024px) {.fusion-body .fusion-flex-container.fusion-builder-row-2{ padding-top : 30px;padding-bottom : 30px;}}@media only screen and (max-width:640px) {.fusion-body .fusion-flex-container.fusion-builder-row-2{ padding-top : 0px;padding-bottom : 40px;}}<\/style><\/div><div class=\"fusion-fullwidth fullwidth-box fusion-builder-row-3 fusion-flex-container nonhundred-percent-fullwidth non-hundred-percent-height-scrolling\" style=\"background-color: rgba(255,255,255,0);background-position: center center;background-repeat: no-repeat;border-width: 0px 0px 0px 0px;border-color:hsla(var(--awb-color8-h),var(--awb-color8-s),var(--awb-color8-l),calc( var(--awb-color8-a) - 92% ));border-style:solid;\" ><div class=\"fusion-builder-row fusion-row fusion-flex-align-items-flex-start\" style=\"max-width:1372.8px;margin-left: calc(-4% \/ 2 );margin-right: calc(-4% \/ 2 );\"><div class=\"fusion-layout-column fusion_builder_column fusion-builder-column-4 fusion_builder_column_1_1 1_1 fusion-flex-column\"><div class=\"fusion-column-wrapper fusion-flex-justify-content-flex-start fusion-content-layout-column\" style=\"background-position:left top;background-repeat:no-repeat;-webkit-background-size:cover;-moz-background-size:cover;-o-background-size:cover;background-size:cover;padding: 0px 0px 0px 0px;\"><div style=\"text-align:center;\"><span class=\" fusion-imageframe imageframe-none imageframe-5 hover-type-none\" style=\"border-radius:8px;max-width:800px;\"><img decoding=\"async\" width=\"1285\" height=\"747\" title=\"foto-1\" src=\"https:\/\/www.claudiacastaldi.it\/it\/wp-content\/uploads\/2022\/05\/foto-1.jpg\" data-orig-src=\"https:\/\/www.claudiacastaldi.it\/it\/wp-content\/uploads\/2022\/05\/foto-1.jpg\" alt class=\"lazyload img-responsive wp-image-3041\" srcset=\"data:image\/svg+xml,%3Csvg%20xmlns%3D%27http%3A%2F%2Fwww.w3.org%2F2000%2Fsvg%27%20width%3D%271285%27%20height%3D%27747%27%20viewBox%3D%270%200%201285%20747%27%3E%3Crect%20width%3D%271285%27%20height%3D%27747%27%20fill-opacity%3D%220%22%2F%3E%3C%2Fsvg%3E\" data-srcset=\"https:\/\/www.claudiacastaldi.it\/it\/wp-content\/uploads\/2022\/05\/foto-1-200x116.jpg 200w, https:\/\/www.claudiacastaldi.it\/it\/wp-content\/uploads\/2022\/05\/foto-1-400x233.jpg 400w, https:\/\/www.claudiacastaldi.it\/it\/wp-content\/uploads\/2022\/05\/foto-1-600x349.jpg 600w, https:\/\/www.claudiacastaldi.it\/it\/wp-content\/uploads\/2022\/05\/foto-1-800x465.jpg 800w, https:\/\/www.claudiacastaldi.it\/it\/wp-content\/uploads\/2022\/05\/foto-1-1200x698.jpg 1200w, https:\/\/www.claudiacastaldi.it\/it\/wp-content\/uploads\/2022\/05\/foto-1.jpg 1285w\" data-sizes=\"auto\" data-orig-sizes=\"(max-width: 640px) 100vw, 1285px\" \/><\/span><\/div><\/div><style type=\"text\/css\">.fusion-body .fusion-builder-column-4{width:100% !important;margin-top : 20px;margin-bottom : 20px;}.fusion-builder-column-4 > .fusion-column-wrapper {padding-top : 0px !important;padding-right : 0px !important;margin-right : 1.92%;padding-bottom : 0px !important;padding-left : 0px !important;margin-left : 1.92%;}@media only screen and (max-width:1024px) {.fusion-body .fusion-builder-column-4{width:100% !important;order : 0;}.fusion-builder-column-4 > .fusion-column-wrapper {margin-right : 1.92%;margin-left : 1.92%;}}@media only screen and (max-width:640px) {.fusion-body .fusion-builder-column-4{width:100% !important;order : 0;}.fusion-builder-column-4 > .fusion-column-wrapper {margin-right : 1.92%;margin-left : 1.92%;}}<\/style><\/div><\/div><style type=\"text\/css\">.fusion-body .fusion-flex-container.fusion-builder-row-3{ padding-top : 0px;margin-top : 0px;padding-right : 0px;padding-bottom : 0px;margin-bottom : 0px;padding-left : 0px;}<\/style><\/div><\/p>\n","protected":false},"excerpt":{"rendered":"","protected":false},"author":1,"featured_media":0,"parent":0,"menu_order":0,"comment_status":"closed","ping_status":"closed","template":"100-width.php","meta":{"footnotes":""},"class_list":["post-1682","page","type-page","status-publish","hentry"],"_links":{"self":[{"href":"https:\/\/www.claudiacastaldi.it\/it\/wp-json\/wp\/v2\/pages\/1682","targetHints":{"allow":["GET"]}}],"collection":[{"href":"https:\/\/www.claudiacastaldi.it\/it\/wp-json\/wp\/v2\/pages"}],"about":[{"href":"https:\/\/www.claudiacastaldi.it\/it\/wp-json\/wp\/v2\/types\/page"}],"author":[{"embeddable":true,"href":"https:\/\/www.claudiacastaldi.it\/it\/wp-json\/wp\/v2\/users\/1"}],"replies":[{"embeddable":true,"href":"https:\/\/www.claudiacastaldi.it\/it\/wp-json\/wp\/v2\/comments?post=1682"}],"version-history":[{"count":6,"href":"https:\/\/www.claudiacastaldi.it\/it\/wp-json\/wp\/v2\/pages\/1682\/revisions"}],"predecessor-version":[{"id":3042,"href":"https:\/\/www.claudiacastaldi.it\/it\/wp-json\/wp\/v2\/pages\/1682\/revisions\/3042"}],"wp:attachment":[{"href":"https:\/\/www.claudiacastaldi.it\/it\/wp-json\/wp\/v2\/media?parent=1682"}],"curies":[{"name":"wp","href":"https:\/\/api.w.org\/{rel}","templated":true}]}}